{"id":5256,"date":"2025-06-26T17:55:32","date_gmt":"2025-06-26T17:55:32","guid":{"rendered":"https:\/\/ramynio.com\/?page_id=5256"},"modified":"2025-10-07T17:00:11","modified_gmt":"2025-10-07T15:00:11","slug":"disclaimer","status":"publish","type":"page","link":"https:\/\/ramynio.com\/pt\/disclaimer\/","title":{"rendered":"Aviso Legal"},"content":{"rendered":"<div data-elementor-type=\"wp-page\" data-elementor-id=\"5256\" class=\"elementor elementor-5256\" data-elementor-post-type=\"page\">\n\t\t\t\t<div class=\"elementor-element elementor-element-2529388 e-flex e-con-boxed e-con e-parent\" data-id=\"2529388\" data-element_type=\"container\" data-e-type=\"container\">\n\t\t\t\t\t<div class=\"e-con-inner\">\n\t\t\t\t<div class=\"elementor-element elementor-element-327e628 elementor-widget elementor-widget-image\" data-id=\"327e628\" data-element_type=\"widget\" data-e-type=\"widget\" data-widget_type=\"image.default\">\n\t\t\t\t<div class=\"elementor-widget-container\">\n\t\t\t\t\t\t\t\t\t\t\t\t\t\t\t\t<a href=\"https:\/\/ramynio.com\/pt\/\">\n\t\t\t\t\t\t\t<img fetchpriority=\"high\" decoding=\"async\" width=\"500\" height=\"500\" src=\"https:\/\/ramynio.com\/items\/2024\/05\/RAMYNIO.jpg\" class=\"attachment-large size-large wp-image-2851\" alt=\"restaurant halal benidorm\" srcset=\"https:\/\/ramynio.com\/items\/2024\/05\/RAMYNIO.jpg 500w, https:\/\/ramynio.com\/items\/2024\/05\/RAMYNIO-300x300.jpg 300w, https:\/\/ramynio.com\/items\/2024\/05\/RAMYNIO-150x150.jpg 150w, https:\/\/ramynio.com\/items\/2024\/05\/RAMYNIO-80x80.jpg 80w, https:\/\/ramynio.com\/items\/2024\/05\/RAMYNIO-100x100.jpg 100w, https:\/\/ramynio.com\/items\/2024\/05\/RAMYNIO-460x460.jpg 460w\" sizes=\"(max-width: 500px) 100vw, 500px\" \/>\t\t\t\t\t\t\t\t<\/a>\n\t\t\t\t\t\t\t\t\t\t\t\t\t\t\t<\/div>\n\t\t\t\t<\/div>\n\t\t\t\t<div class=\"elementor-element elementor-element-213cc7e elementor-widget elementor-widget-heading\" data-id=\"213cc7e\" data-element_type=\"widget\" data-e-type=\"widget\" data-widget_type=\"heading.default\">\n\t\t\t\t<div class=\"elementor-widget-container\">\n\t\t\t\t\t<h2 class=\"elementor-heading-title elementor-size-default\">Aviso Legal<\/h2>\t\t\t\t<\/div>\n\t\t\t\t<\/div>\n\t\t\t\t<div class=\"elementor-element elementor-element-773171d elementor-widget elementor-widget-shortcode\" data-id=\"773171d\" data-element_type=\"widget\" data-e-type=\"widget\" data-widget_type=\"shortcode.default\">\n\t\t\t\t<div class=\"elementor-widget-container\">\n\t\t\t\t\t\t\t<div class=\"elementor-shortcode\">\n<!-- Legal document generated by Complianz | GDPR\/CCPA Cookie Consent https:\/\/wordpress.org\/plugins\/complianz-gdpr -->\n<div id=\"cmplz-document\" class=\"cmplz-document disclaimer cmplz-document-all\"><p>RAMYNIO RESTAURANT tem o compromisso de manter este site atualizado e preciso. Se, no entanto, encontrar algo que esteja incorreto ou desatualizado, agradecer\u00edamos nos informe. Indique onde leu as informa\u00e7\u00f5es no site. De seguida, examinaremos o mais r\u00e1pido poss\u00edvel. Envie sua resposta por e-mail para: <span class=\"cmplz-obfuscate\">&#099;onta&#099;&#116;@<span class=\"cmplz-fmail-domain\">&#101;x.&#099;&#111;m<\/span>&#114;&#097;m&#121;&#110;i&#111;&#046;co&#109;<\/span>.<\/p><p>N\u00e3o nos responsabilizamos por perdas resultantes de imprecis\u00f5es ou informa\u00e7\u00e3o incompleta, nem por perdas causadas por ou inerentes \u00e0 divulga\u00e7\u00e3o de informa\u00e7\u00f5es pela internet, como perturba\u00e7\u00f5es ou interrup\u00e7\u00f5es. Ao usar formul\u00e1rios da web, esfor\u00e7amos-nos para limitar ao m\u00ednimo o n\u00famero de campos obrigat\u00f3rios. Por qualquer perda sofrida como resultado do uso de dados, conselhos ou ideias fornecidos por ou em nome de RAMYNIO RESTAURANT atrav\u00e9s deste site, RAMYNIO RESTAURANT n\u00e3o se responsabiliza.<\/p><p>Quaisquer dados pessoais que nos fornecer no contexto de sua resposta ou solicita\u00e7\u00e3o de informa\u00e7\u00f5es ser\u00e3o usados apenas de acordo com nossa declara\u00e7\u00e3o de privacidade.<\/p><p>RAMYNIO RESTAURANT far\u00e1 todos os esfor\u00e7os razo\u00e1veis para proteger os seus sistemas contra qualquer forma de uso ilegal. RAMYNIO RESTAURANT deve implementar medidas t\u00e9cnicas e organizacionais adequadas para esse fim, levando em considera\u00e7\u00e3o, entre outras coisas, as melhores tecnologias dispon\u00edveis (estado da arte). No entanto, n\u00e3o ser\u00e1 respons\u00e1vel por qualquer perda, direta e\/ou indireta, sofrida por um utilizador do site que resulte do uso ilegal dos seus sistemas por terceiros.<\/p><p>Todos os direitos de propriedade intelectual do conte\u00fado deste site pertencem a RAMYNIO RESTAURANT.<\/p><p>A c\u00f3pia, dissemina\u00e7\u00e3o e qualquer outro uso desses materiais n\u00e3o s\u00e3o permitidos sem a permiss\u00e3o por escrito de RAMYNIO RESTAURANT, exceto e apenas na medida em que estipulado de outra forma nos regulamentos da lei obrigat\u00f3ria (como o direito de citar), a menos que o conte\u00fado espec\u00edfico dite o contr\u00e1rio.<\/p><p>Se tiver d\u00favidas ou problemas com a acessibilidade do site, n\u00e3o hesite em nos contactar.<\/p><\/div><\/div>\n\t\t\t\t\t\t<\/div>\n\t\t\t\t<\/div>\n\t\t\t\t<div class=\"elementor-element elementor-element-f2b5c5f elementor-widget elementor-widget-html\" data-id=\"f2b5c5f\" data-element_type=\"widget\" data-e-type=\"widget\" data-no-translation=\"\" data-widget_type=\"html.default\">\n\t\t\t\t<div class=\"elementor-widget-container\">\n\t\t\t\t\t<style>.elementor-element-f2b5c5f{display:none !important}<\/style>\t\t\t\t<\/div>\n\t\t\t\t<\/div>\n\t\t\t\t<div class=\"elementor-element elementor-element-61c87c6 elementor-widget elementor-widget-text-editor\" data-id=\"61c87c6\" data-element_type=\"widget\" data-e-type=\"widget\" data-widget_type=\"text-editor.default\">\n\t\t\t\t<div class=\"elementor-widget-container\">\n\t\t\t\t\t\t\t\t\t<p><a href=\"https:\/\/ramynio.com\/pt\/\"><strong>Voltar \u00e0 p\u00e1gina inicial<\/strong><\/a><\/p>\t\t\t\t\t\t\t\t<\/div>\n\t\t\t\t<\/div>\n\t\t\t\t\t<\/div>\n\t\t\t\t<\/div>\n\t\t\t\t<\/div>","protected":false},"excerpt":{"rendered":"<p>Disclaimer Return to HomePage<\/p>","protected":false},"author":1,"featured_media":0,"parent":0,"menu_order":0,"comment_status":"closed","ping_status":"closed","template":"elementor_canvas","meta":{"footnotes":""},"class_list":["post-5256","page","type-page","status-publish","hentry"],"_links":{"self":[{"href":"https:\/\/ramynio.com\/pt\/wp-json\/wp\/v2\/pages\/5256","targetHints":{"allow":["GET"]}}],"collection":[{"href":"https:\/\/ramynio.com\/pt\/wp-json\/wp\/v2\/pages"}],"about":[{"href":"https:\/\/ramynio.com\/pt\/wp-json\/wp\/v2\/types\/page"}],"author":[{"embeddable":true,"href":"https:\/\/ramynio.com\/pt\/wp-json\/wp\/v2\/users\/1"}],"replies":[{"embeddable":true,"href":"https:\/\/ramynio.com\/pt\/wp-json\/wp\/v2\/comments?post=5256"}],"version-history":[{"count":25,"href":"https:\/\/ramynio.com\/pt\/wp-json\/wp\/v2\/pages\/5256\/revisions"}],"predecessor-version":[{"id":5584,"href":"https:\/\/ramynio.com\/pt\/wp-json\/wp\/v2\/pages\/5256\/revisions\/5584"}],"wp:attachment":[{"href":"https:\/\/ramynio.com\/pt\/wp-json\/wp\/v2\/media?parent=5256"}],"curies":[{"name":"wp","href":"https:\/\/api.w.org\/{rel}","templated":true}]}}